{"id":1948,"date":"2022-09-14T21:12:38","date_gmt":"2022-09-14T20:12:38","guid":{"rendered":"https:\/\/evidanse-lannion.com\/accueil\/?page_id=1948"},"modified":"2023-10-02T06:01:41","modified_gmt":"2023-10-02T05:01:41","slug":"contacts","status":"publish","type":"page","link":"https:\/\/evidanse-lannion.com\/accueil\/contacts\/","title":{"rendered":"Contacts"},"content":{"rendered":"\n<h3 class=\"wp-block-heading\">Si vous avez des questions sur les cours de danse ou si vous \u00eates dans l&rsquo;impossibilit\u00e9 d&rsquo;assister \u00e0 un cours, merci de <strong>contacter Anne-C\u00e9cile, la professeure de danse<\/strong>, en remplissant le formulaire suivant:<\/h3>\n\n\n<div class=\"wpforms-container wpforms-container-full wpforms-block wpforms-block-39af6558-e23f-42b9-8ea4-d161f3e8460e\" id=\"wpforms-1939\"><form id=\"wpforms-form-1939\" class=\"wpforms-validate wpforms-form wpforms-ajax-form\" data-formid=\"1939\" method=\"post\" enctype=\"multipart\/form-data\" action=\"\/accueil\/wp-json\/wp\/v2\/pages\/1948\" data-token=\"9911ec18942e2b49ccc5a95ca07081c3\" data-token-time=\"1776397956\"><noscript class=\"wpforms-error-noscript\">Veuillez activer JavaScript dans votre navigateur pour remplir ce formulaire.<\/noscript><div class=\"wpforms-field-container\"><div id=\"wpforms-1939-field_1-container\" class=\"wpforms-field wpforms-field-email\" data-field-id=\"1\"><label class=\"wpforms-field-label\" for=\"wpforms-1939-field_1\">Votre E-mail <span class=\"wpforms-required-label\">*<\/span><\/label><input type=\"email\" id=\"wpforms-1939-field_1\" class=\"wpforms-field-medium wpforms-field-required\" name=\"wpforms[fields][1]\" spellcheck=\"false\" required><\/div><div id=\"wpforms-1939-field_6-container\" class=\"wpforms-field wpforms-field-name\" data-field-id=\"6\"><label class=\"wpforms-field-label\">Vos pr\u00e9nom et nom <span class=\"wpforms-required-label\">*<\/span><\/label><div class=\"wpforms-field-row wpforms-field-medium\"><div class=\"wpforms-field-row-block wpforms-first wpforms-one-half\"><input type=\"text\" id=\"wpforms-1939-field_6\" class=\"wpforms-field-name-first wpforms-field-required\" name=\"wpforms[fields][6][first]\" required><label for=\"wpforms-1939-field_6\" class=\"wpforms-field-sublabel after\">Pr\u00e9nom<\/label><\/div><div class=\"wpforms-field-row-block wpforms-one-half\"><input type=\"text\" id=\"wpforms-1939-field_6-last\" class=\"wpforms-field-name-last wpforms-field-required\" name=\"wpforms[fields][6][last]\" required><label for=\"wpforms-1939-field_6-last\" class=\"wpforms-field-sublabel after\">Nom<\/label><\/div><\/div><\/div><div id=\"wpforms-1939-field_3-container\" class=\"wpforms-field wpforms-field-text\" data-field-id=\"3\"><label class=\"wpforms-field-label\" for=\"wpforms-1939-field_3\">Objet<\/label><input type=\"text\" id=\"wpforms-1939-field_3\" class=\"wpforms-field-medium\" name=\"wpforms[fields][3]\" ><\/div><div id=\"wpforms-1939-field_4-container\" class=\"wpforms-field wpforms-field-textarea\" data-field-id=\"4\"><label class=\"wpforms-field-label\" for=\"wpforms-1939-field_4\">Message<\/label><textarea id=\"wpforms-1939-field_4\" class=\"wpforms-field-medium\" name=\"wpforms[fields][4]\" ><\/textarea><\/div><\/div><!-- .wpforms-field-container --><div class=\"wpforms-recaptcha-container wpforms-is-recaptcha wpforms-is-recaptcha-type-v3\" ><input type=\"hidden\" name=\"wpforms[recaptcha]\" value=\"\"><\/div><div class=\"wpforms-submit-container\" ><input type=\"hidden\" name=\"wpforms[id]\" value=\"1939\"><input type=\"hidden\" name=\"page_title\" value=\"\"><input type=\"hidden\" name=\"page_url\" value=\"https:\/\/evidanse-lannion.com\/accueil\/wp-json\/wp\/v2\/pages\/1948\"><input type=\"hidden\" name=\"url_referer\" value=\"\"><button type=\"submit\" name=\"wpforms[submit]\" id=\"wpforms-submit-1939\" class=\"wpforms-submit\" data-alt-text=\"Envoi...\" data-submit-text=\"Envoyer\" aria-live=\"assertive\" value=\"wpforms-submit\">Envoyer<\/button><img loading=\"lazy\" decoding=\"async\" src=\"https:\/\/evidanse-lannion.com\/wp-content\/plugins\/wpforms-lite\/assets\/images\/submit-spin.svg\" class=\"wpforms-submit-spinner\" style=\"display: none;\" width=\"26\" height=\"26\" alt=\"Chargement en cours\"><\/div><\/form><\/div>  <!-- .wpforms-container -->\n\n\n<hr class=\"wp-block-separator has-alpha-channel-opacity\"\/>\n\n\n\n<h3 class=\"wp-block-heading\">Si vous avez des questions sur les adh\u00e9sions ou pour tout autre sujet concernant l&rsquo;association, merci de <strong>contacter le bureau<\/strong>, en remplissant le formulaire suivant:<\/h3>\n\n\n<div class=\"wpforms-container wpforms-container-full wpforms-block wpforms-block-5788d520-04bb-4dcd-82d7-2cb8290d3454\" id=\"wpforms-1939\"><form id=\"wpforms-form-1939\" class=\"wpforms-validate wpforms-form wpforms-ajax-form\" data-formid=\"1939\" method=\"post\" enctype=\"multipart\/form-data\" action=\"\/accueil\/wp-json\/wp\/v2\/pages\/1948\" data-token=\"9911ec18942e2b49ccc5a95ca07081c3\" data-token-time=\"1776397956\"><noscript class=\"wpforms-error-noscript\">Veuillez activer JavaScript dans votre navigateur pour remplir ce formulaire.<\/noscript><div class=\"wpforms-field-container\"><div id=\"wpforms-1939-field_1-container\" class=\"wpforms-field wpforms-field-email\" data-field-id=\"1\"><label class=\"wpforms-field-label\" for=\"wpforms-1939-field_1\">Votre E-mail <span class=\"wpforms-required-label\">*<\/span><\/label><input type=\"email\" id=\"wpforms-1939-field_1\" class=\"wpforms-field-medium wpforms-field-required\" name=\"wpforms[fields][1]\" spellcheck=\"false\" required><\/div><div id=\"wpforms-1939-field_6-container\" class=\"wpforms-field wpforms-field-name\" data-field-id=\"6\"><label class=\"wpforms-field-label\">Vos pr\u00e9nom et nom <span class=\"wpforms-required-label\">*<\/span><\/label><div class=\"wpforms-field-row wpforms-field-medium\"><div class=\"wpforms-field-row-block wpforms-first wpforms-one-half\"><input type=\"text\" id=\"wpforms-1939-field_6\" class=\"wpforms-field-name-first wpforms-field-required\" name=\"wpforms[fields][6][first]\" required><label for=\"wpforms-1939-field_6\" class=\"wpforms-field-sublabel after\">Pr\u00e9nom<\/label><\/div><div class=\"wpforms-field-row-block wpforms-one-half\"><input type=\"text\" id=\"wpforms-1939-field_6-last\" class=\"wpforms-field-name-last wpforms-field-required\" name=\"wpforms[fields][6][last]\" required><label for=\"wpforms-1939-field_6-last\" class=\"wpforms-field-sublabel after\">Nom<\/label><\/div><\/div><\/div><div id=\"wpforms-1939-field_3-container\" class=\"wpforms-field wpforms-field-text\" data-field-id=\"3\"><label class=\"wpforms-field-label\" for=\"wpforms-1939-field_3\">Objet<\/label><input type=\"text\" id=\"wpforms-1939-field_3\" class=\"wpforms-field-medium\" name=\"wpforms[fields][3]\" ><\/div><div id=\"wpforms-1939-field_4-container\" class=\"wpforms-field wpforms-field-textarea\" data-field-id=\"4\"><label class=\"wpforms-field-label\" for=\"wpforms-1939-field_4\">Message<\/label><textarea id=\"wpforms-1939-field_4\" class=\"wpforms-field-medium\" name=\"wpforms[fields][4]\" ><\/textarea><\/div><\/div><!-- .wpforms-field-container --><div class=\"wpforms-recaptcha-container wpforms-is-recaptcha wpforms-is-recaptcha-type-v3\" ><input type=\"hidden\" name=\"wpforms[recaptcha]\" value=\"\"><\/div><div class=\"wpforms-submit-container\" ><input type=\"hidden\" name=\"wpforms[id]\" value=\"1939\"><input type=\"hidden\" name=\"page_title\" value=\"\"><input type=\"hidden\" name=\"page_url\" value=\"https:\/\/evidanse-lannion.com\/accueil\/wp-json\/wp\/v2\/pages\/1948\"><input type=\"hidden\" name=\"url_referer\" value=\"\"><button type=\"submit\" name=\"wpforms[submit]\" id=\"wpforms-submit-1939\" class=\"wpforms-submit\" data-alt-text=\"Envoi...\" data-submit-text=\"Envoyer\" aria-live=\"assertive\" value=\"wpforms-submit\">Envoyer<\/button><img loading=\"lazy\" decoding=\"async\" src=\"https:\/\/evidanse-lannion.com\/wp-content\/plugins\/wpforms-lite\/assets\/images\/submit-spin.svg\" class=\"wpforms-submit-spinner\" style=\"display: none;\" width=\"26\" height=\"26\" alt=\"Chargement en cours\"><\/div><\/form><\/div>  <!-- .wpforms-container -->","protected":false},"excerpt":{"rendered":"<p>Si vous avez des questions sur les cours de danse ou si vous \u00eates dans l&rsquo;impossibilit\u00e9 d&rsquo;assister \u00e0 un cours, merci de contacter Anne-C\u00e9cile, la professeure de danse, en remplissant le formulaire suivant: Si vous avez des questions sur les adh\u00e9sions ou pour tout autre sujet concernant l&rsquo;association, merci de contacter le bureau, en remplissant [&hellip;]<\/p>\n","protected":false},"author":10,"featured_media":0,"parent":0,"menu_order":0,"comment_status":"closed","ping_status":"closed","template":"","meta":{"footnotes":""},"class_list":["post-1948","page","type-page","status-publish","hentry","post"],"aioseo_notices":[],"_links":{"self":[{"href":"https:\/\/evidanse-lannion.com\/accueil\/wp-json\/wp\/v2\/pages\/1948","targetHints":{"allow":["GET"]}}],"collection":[{"href":"https:\/\/evidanse-lannion.com\/accueil\/wp-json\/wp\/v2\/pages"}],"about":[{"href":"https:\/\/evidanse-lannion.com\/accueil\/wp-json\/wp\/v2\/types\/page"}],"author":[{"embeddable":true,"href":"https:\/\/evidanse-lannion.com\/accueil\/wp-json\/wp\/v2\/users\/10"}],"replies":[{"embeddable":true,"href":"https:\/\/evidanse-lannion.com\/accueil\/wp-json\/wp\/v2\/comments?post=1948"}],"version-history":[{"count":5,"href":"https:\/\/evidanse-lannion.com\/accueil\/wp-json\/wp\/v2\/pages\/1948\/revisions"}],"predecessor-version":[{"id":2271,"href":"https:\/\/evidanse-lannion.com\/accueil\/wp-json\/wp\/v2\/pages\/1948\/revisions\/2271"}],"wp:attachment":[{"href":"https:\/\/evidanse-lannion.com\/accueil\/wp-json\/wp\/v2\/media?parent=1948"}],"curies":[{"name":"wp","href":"https:\/\/api.w.org\/{rel}","templated":true}]}}