{"id":18,"date":"2015-07-27T15:30:41","date_gmt":"2015-07-27T14:30:41","guid":{"rendered":"http:\/\/www.evidanse-lannion.com\/?page_id=18"},"modified":"2025-09-23T06:23:07","modified_gmt":"2025-09-23T05:23:07","slug":"infos-pratiques","status":"publish","type":"page","link":"https:\/\/evidanse-lannion.com\/accueil\/infos-pratiques\/","title":{"rendered":"Infos pratiques"},"content":{"rendered":"<div id=\"pl-18\" class=\"panel-layout\">\n<div id=\"pg-18-0\" class=\"panel-grid panel-no-style\">\n<div id=\"pgc-18-0-0\" class=\"panel-grid-cell\" data-weight=\"0.66666666666667\">\n<div id=\"panel-18-0-0-0\" class=\"so-panel widget widget_sow-editor panel-first-child panel-last-child\" data-index=\"0\" data-style=\"{&quot;id&quot;:&quot;inscriptions&quot;,&quot;class&quot;:&quot;insc&quot;,&quot;widget_css&quot;:&quot;{font-size: 1.8em;}\\n&quot;,&quot;padding&quot;:&quot;20px&quot;,&quot;background&quot;:&quot;#828282&quot;,&quot;background_image_attachment&quot;:false,&quot;background_display&quot;:&quot;tile&quot;,&quot;font_color&quot;:&quot;#ffffff&quot;}\">\n<div id=\"inscriptions\" class=\"insc panel-widget-style panel-widget-style-for-18-0-0-0\">\n<div class=\"so-widget-sow-editor so-widget-sow-editor-base\">\n<p><b>Inscriptions 2025-2026, mode d&#8217;emploi&#8230;.<\/b><\/p>\n<p>Les inscriptions aux cours 2025-2026 aux cours d&rsquo;Evidanse sont closes pour la saison!<\/p>\n<h3>Planning des cours 2025\/2026<\/h3>\n<p>Les cours commencent le <strong>mardi 16\/09\/2025<\/strong>\u00a0et se termineront le <strong>20\/06\/2025.<\/strong><\/p>\n<p><strong>Notez d\u00e9j\u00e0 la date de la repr\u00e9sentation des groupes ados et adultes \u00e0 la f\u00eate de la musique : Dimanche 21 juin 2026.<\/strong><\/p>\n\n<table id=\"tablepress-4\" class=\"tablepress tablepress-id-4\">\n<thead>\n<tr class=\"row-1\">\n\t<th class=\"column-1\">NUM\u00c9RO<\/th><th class=\"column-2\">ATELIER<\/th><th class=\"column-3\">\u00c2GE\/NIVEAU<\/th><th class=\"column-4\">NAISSANCE<\/th><th class=\"column-5\">JOURS<\/th><th class=\"column-6\">HORAIRES<\/th><th class=\"column-7\">DUR\u00c9E<\/th>\n<\/tr>\n<\/thead>\n<tbody class=\"row-striping row-hover\">\n<tr class=\"row-2\">\n\t<td class=\"column-1\">1<\/td><td class=\"column-2\">ENFANT<\/td><td class=\"column-3\">04\/05 ans<\/td><td class=\"column-4\">2020\/2021<\/td><td class=\"column-5\">Mercredi<\/td><td class=\"column-6\">10h15-11h00<\/td><td class=\"column-7\">00h45<\/td>\n<\/tr>\n<tr class=\"row-3\">\n\t<td class=\"column-1\">2<\/td><td class=\"column-2\">ENFANT<\/td><td class=\"column-3\">05\/06 ans<br \/>\n<\/td><td class=\"column-4\">2019\/2020<br \/>\n<\/td><td class=\"column-5\">Samedi<\/td><td class=\"column-6\">10h15-11h00<\/td><td class=\"column-7\">00h45<\/td>\n<\/tr>\n<tr class=\"row-4\">\n\t<td class=\"column-1\">3<\/td><td class=\"column-2\">ENFANT<\/td><td class=\"column-3\">06\/07 ans<br \/>\n<\/td><td class=\"column-4\">2018\/2019<\/td><td class=\"column-5\">Mercredi<\/td><td class=\"column-6\">11h00-11h45<\/td><td class=\"column-7\">00h45<\/td>\n<\/tr>\n<tr class=\"row-5\">\n\t<td class=\"column-1\">4<\/td><td class=\"column-2\">ENFANT<\/td><td class=\"column-3\">07 ans<br \/>\n<\/td><td class=\"column-4\">2018<\/td><td class=\"column-5\">Jeudi<\/td><td class=\"column-6\">17h00-17h45<\/td><td class=\"column-7\">00h45<\/td>\n<\/tr>\n<tr class=\"row-6\">\n\t<td class=\"column-1\">5<\/td><td class=\"column-2\">ENFANT<\/td><td class=\"column-3\">08\/09 ans<\/td><td class=\"column-4\">2016\/2017<\/td><td class=\"column-5\">Mercredi<\/td><td class=\"column-6\">15h15-16h15<\/td><td class=\"column-7\">01h00<\/td>\n<\/tr>\n<tr class=\"row-7\">\n\t<td class=\"column-1\">6<br \/>\n<\/td><td class=\"column-2\">ENFANT<\/td><td class=\"column-3\">09\/10 ans<br \/>\n<\/td><td class=\"column-4\">2015\/2016<\/td><td class=\"column-5\">Mercredi<\/td><td class=\"column-6\">16h15-17h15<\/td><td class=\"column-7\">01h00<\/td>\n<\/tr>\n<tr class=\"row-8\">\n\t<td class=\"column-1\">7<\/td><td class=\"column-2\">ENFANT<\/td><td class=\"column-3\">11\/12 ans<br \/>\n<\/td><td class=\"column-4\">2013\/2014<\/td><td class=\"column-5\">Jeudi<\/td><td class=\"column-6\">17h45-19h00<\/td><td class=\"column-7\">01h15<\/td>\n<\/tr>\n<tr class=\"row-9\">\n\t<td class=\"column-1\">8<\/td><td class=\"column-2\">ADOLESCENT<\/td><td class=\"column-3\">13\/14 ans<br \/>\n<\/td><td class=\"column-4\">2011\/2012<\/td><td class=\"column-5\">Mardi<\/td><td class=\"column-6\">17h45-19h00<\/td><td class=\"column-7\">01h15<\/td>\n<\/tr>\n<tr class=\"row-10\">\n\t<td class=\"column-1\">9<\/td><td class=\"column-2\">ADOLESCENT<\/td><td class=\"column-3\">15\/17 ans<\/td><td class=\"column-4\">2008\/2010<\/td><td class=\"column-5\">Mercredi<\/td><td class=\"column-6\">17h30-19h00<\/td><td class=\"column-7\">01h30<\/td>\n<\/tr>\n<tr class=\"row-11\">\n\t<td class=\"column-1\">10<\/td><td class=\"column-2\">ADULTE<\/td><td class=\"column-3\">d\u00e9butant<\/td><td class=\"column-4\">+ 18 ans<\/td><td class=\"column-5\">Jeudi<\/td><td class=\"column-6\">19h00-20h30<\/td><td class=\"column-7\">01h30<\/td>\n<\/tr>\n<tr class=\"row-12\">\n\t<td class=\"column-1\">11<\/td><td class=\"column-2\">ADULTE<\/td><td class=\"column-3\">interm\u00e9diaire 1<\/td><td class=\"column-4\">+ 18 ans<\/td><td class=\"column-5\">Mardi<\/td><td class=\"column-6\">19h00-20h30<\/td><td class=\"column-7\">01h30<\/td>\n<\/tr>\n<tr class=\"row-13\">\n\t<td class=\"column-1\">12<\/td><td class=\"column-2\">ADULTE<\/td><td class=\"column-3\">interm\u00e9diaire 2\/confirm\u00e9<br \/>\n<\/td><td class=\"column-4\">+ 18 ans<\/td><td class=\"column-5\">Mercredi<\/td><td class=\"column-6\">19h00-20h30<\/td><td class=\"column-7\">01h30<\/td>\n<\/tr>\n<tr class=\"row-14\">\n\t<td class=\"column-1\">13<\/td><td class=\"column-2\">ADOLESCENT-ADULTE<\/td><td class=\"column-3\">Atelier chor\u00e9graphique<\/td><td class=\"column-4\">+ 15 ans<\/td><td class=\"column-5\">Samedi<\/td><td class=\"column-6\">11h00-12h30<\/td><td class=\"column-7\">01h30<\/td>\n<\/tr>\n<\/tbody>\n<\/table>\n<!-- #tablepress-4 from cache -->\n<\/div>\n<\/div>\n<\/div>\n<\/div>\n<\/div>\n<div id=\"pg-18-3\" class=\"panel-grid panel-no-style\" data-style=\"{&quot;cell_alignment&quot;:&quot;flex-start&quot;,&quot;background_image_repeat&quot;:&quot;&quot;,&quot;no_margin&quot;:&quot;&quot;}\" data-ratio=\"0.61803398\" data-ratio-direction=\"right\">\n<div id=\"pgc-18-3-0\" class=\"panel-grid-cell\" data-weight=\"0.61803399209206\">\n<div id=\"panel-18-3-0-0\" class=\"so-panel widget widget_sow-editor panel-first-child panel-last-child\" data-index=\"6\" data-style=\"{&quot;padding&quot;:&quot;20px&quot;,&quot;background&quot;:&quot;#828282&quot;,&quot;background_image_attachment&quot;:false,&quot;background_display&quot;:&quot;tile&quot;,&quot;font_color&quot;:&quot;#000000&quot;}\">\n<div class=\"panel-widget-style panel-widget-style-for-18-3-0-0\">\n<div class=\"so-widget-sow-editor so-widget-sow-editor-base\">\n<h3 class=\"widget-title\">Tarifs (Adh\u00e9sion Incluse,\u00a0qui comprend la licence \u00e0 la F\u00e9d\u00e9ration Fran\u00e7aise de Danse)<\/h3>\n<div class=\"siteorigin-widget-tinymce textwidget\">\n<p>Vous trouverez dans le tableau ci-dessous les tarifs en fonction de la dur\u00e9e d\u2019un cours individuel:<\/p>\n\n<table id=\"tablepress-2\" class=\"tablepress tablepress-id-2\">\n<thead>\n<tr class=\"row-1\">\n\t<th class=\"column-1\">Dur\u00e9e<\/th><th class=\"column-2\">Tarif individuel<\/th>\n<\/tr>\n<\/thead>\n<tbody class=\"row-striping row-hover\">\n<tr class=\"row-2\">\n\t<td class=\"column-1\">0h45 par cours<\/td><td class=\"column-2\">165\u00a0\u20ac<\/td>\n<\/tr>\n<tr class=\"row-3\">\n\t<td class=\"column-1\">1h00 par cours<\/td><td class=\"column-2\">175 \u20ac<\/td>\n<\/tr>\n<tr class=\"row-4\">\n\t<td class=\"column-1\">1h15 par cours<\/td><td class=\"column-2\">205 \u20ac<\/td>\n<\/tr>\n<tr class=\"row-5\">\n\t<td class=\"column-1\">1h30 par cours<\/td><td class=\"column-2\">250 \u20ac<\/td>\n<\/tr>\n<tr class=\"row-6\">\n\t<td class=\"column-1\">3 h (= suivi de 2 cours par le m\u00eame adh\u00e9rent)<\/td><td class=\"column-2\">410 \u20ac<\/td>\n<\/tr>\n<\/tbody>\n<\/table>\n<!-- #tablepress-2 from cache -->\n<p>Nous vous remercions \u00e9galement de prendre connaissance du r\u00e8glement int\u00e9rieur :<\/p>\n<h1><a href=\"https:\/\/www.canva.com\/design\/DAGrS4k3tcY\/akTB6kg7AMIlqY-S4yy2AA\/view?utm_content=DAGrS4k3tcY&amp;utm_campaign=designshare&amp;utm_medium=link2&amp;utm_source=uniquelinks&amp;utlId=hcb4ace35ee\">R\u00e8glement int\u00e9rieur 2025-2026<\/a><\/h1>\n<\/div>\n<\/div>\n<\/div>\n<\/div>\n<\/div>\n<div id=\"pgc-18-3-1\" class=\"panel-grid-cell\" data-weight=\"0.38196600790794\">\n<div id=\"panel-18-3-1-0\" class=\"so-panel widget widget_siteorigin-panels-builder panel-first-child panel-last-child\" data-index=\"7\" data-style=\"{&quot;padding&quot;:&quot;20px 20px 20px 20px&quot;,&quot;background_image_attachment&quot;:false,&quot;background_display&quot;:&quot;tile&quot;,&quot;border_color&quot;:&quot;#00bcff&quot;}\">\n<div class=\"panel-widget-style panel-widget-style-for-18-3-1-0\">\n<div id=\"pl-w5f43839981e11\" class=\"panel-layout\">\n<div id=\"pg-w5f43839981e11-0\" class=\"panel-grid panel-no-style\">\n<div id=\"pgc-w5f43839981e11-0-0\" class=\"panel-grid-cell\" data-weight=\"1\">\n<div id=\"panel-w5f43839981e11-0-0-0\" class=\"so-panel widget widget_sow-editor panel-first-child panel-last-child\" data-index=\"0\" data-style=\"{&quot;background_image_attachment&quot;:false,&quot;background_display&quot;:&quot;tile&quot;}\">\n<div class=\"so-widget-sow-editor so-widget-sow-editor-base\">\n<div class=\"siteorigin-widget-tinymce textwidget\">\n<h3>Paiement<\/h3>\n<p>Le paiement se fait en ligne via le site <em>Helloasso<\/em> au moment de l&rsquo;inscription. <span style=\"font-weight: 400;\">Possibilit\u00e9 de fractionnement du paiement annuel en 3 fois <span style=\"text-decoration: underline;\"><strong>mais pas de remboursement de trimestres ou de mois en cas de d\u00e9sistement (1 cours d\u2019essai avant l&rsquo;adh\u00e9sion d\u00e9finitive<\/strong><\/span>).<\/span><\/p>\n<p><strong>Adh\u00e9sion<\/strong><\/p>\n<p><span style=\"font-weight: 400;\">L&rsquo;adh\u00e9sion de 24 \u20ac est comprise dans le prix de l&rsquo;adh\u00e9sion.<\/span><\/p>\n<p>Si vous souhaitez utiliser des ch\u00e8ques, des Tickets Loisirs CAF, des Ch\u00e8ques Vacances ou des Coupons Sport, l&rsquo;inscription se fait \u00e9galement via le site <em>Helloasso <\/em>en choisissant l&rsquo;option \u00ab\u00a0paiement par ch\u00e8que, CV, CS ou tickets CAF\u00a0\u00bb . Les documents sont \u00e0 d\u00e9poser dans la bo\u00eete \u00e0 lettres d&rsquo;Evidanse dans le hall de la Maison des sports.<\/p>\n<p>R\u00e9duction (non cumulable) &#8211; conditions\u00a0:<br \/>Tarif d\u00e9gressif si plusieurs danseurs inscrits cours au sein d\u2019un m\u00eame foyer (fratrie + parents) : R\u00e9duction de 10% \u00e0 partir du 2\u00e8me cours, 15% \u00e0 partir du 3\u00e8me cours et 20 % \u00e0 partir du 4\u00e8me cours ou plus.<br \/>20 % de r\u00e9duction pour les \u00e9tudiants et demandeurs d\u2019emploi sur fourniture d\u2019un justificatif.<\/p>\n<h3 class=\"widget-title\">Dossier d&rsquo;inscription<\/h3>\n<p>Le dossier d&rsquo;inscription est \u00e0 remplir sur le site <em>Helloasso<\/em> au moment de l&rsquo;inscription, quel que soit le mode de paiement.<\/p>\n<\/div>\n<\/div>\n<\/div>\n<\/div>\n<\/div>\n<\/div>\n<\/div>\n<\/div>\n<\/div>\n<\/div>\n<div id=\"pg-18-4\" class=\"panel-grid panel-no-style\">\n<div id=\"pgc-18-4-0\" class=\"panel-grid-cell\" data-weight=\"1\">\n<div id=\"panel-18-4-0-0\" class=\"so-panel widget widget_sow-editor panel-first-child panel-last-child\" data-index=\"8\" data-style=\"{&quot;background_image_attachment&quot;:false,&quot;background_display&quot;:&quot;tile&quot;}\">\n<div class=\"so-widget-sow-editor so-widget-sow-editor-base\">\n<h3 class=\"widget-title\">Acc\u00e8s<\/h3>\n<div class=\"siteorigin-widget-tinymce textwidget\">\n<p>Maison des Sports de Park Nevez, rue de la Madeleine, 22300 Lannion, France.\u00a0Proche de \u00ab\u00a0Ti dour\u00a0\u00bb, la piscine de Lannion.<\/p>\n<\/div>\n<\/div>\n<\/div>\n<\/div>\n<\/div>\n<div id=\"pg-18-5\" class=\"panel-grid panel-no-style\" data-style=\"{&quot;cell_alignment&quot;:&quot;flex-start&quot;,&quot;background_image_repeat&quot;:&quot;&quot;,&quot;no_margin&quot;:&quot;&quot;}\" data-ratio=\"1\" data-ratio-direction=\"right\">\n<div id=\"pgc-18-5-0\" class=\"panel-grid-cell\" data-weight=\"1\">\n<div id=\"panel-18-5-0-0\" class=\"so-panel widget widget_custom_html panel-first-child panel-last-child\" data-index=\"9\" data-style=\"{&quot;background_image_attachment&quot;:false,&quot;background_display&quot;:&quot;tile&quot;}\"><div class=\"textwidget custom-html-widget\"><\/div><\/div>\n<\/div>\n<\/div>\n<\/div>\n<h3 data-index=\"9\" data-style=\"{&quot;background_image_attachment&quot;:false,&quot;background_display&quot;:&quot;tile&quot;}\">Contact<\/h3>\n<p>Pour toute information, merci de nous contacter sur notre adresse mail :\u00a0evidanse.lannion22@gmail.com.<\/p>\n<div data-index=\"9\" data-style=\"{&quot;background_image_attachment&quot;:false,&quot;background_display&quot;:&quot;tile&quot;}\">\n<div id=\"pgc-18-0-0\" class=\"panel-grid-cell\" data-weight=\"0.66666666666667\">\n<div id=\"panel-18-0-0-0\" class=\"so-panel widget widget_sow-editor panel-first-child panel-last-child\" data-index=\"0\" data-style=\"{&quot;id&quot;:&quot;inscriptions&quot;,&quot;class&quot;:&quot;insc&quot;,&quot;widget_css&quot;:&quot;{font-size: 1.8em;}\\n&quot;,&quot;padding&quot;:&quot;20px&quot;,&quot;background&quot;:&quot;#828282&quot;,&quot;background_image_attachment&quot;:false,&quot;background_display&quot;:&quot;tile&quot;,&quot;font_color&quot;:&quot;#ffffff&quot;}\">\n<div id=\"inscriptions\" class=\"insc panel-widget-style panel-widget-style-for-18-0-0-0\">\n<div class=\"so-widget-sow-editor so-widget-sow-editor-base\">\n<div class=\"siteorigin-widget-tinymce textwidget\">\u00a0<\/div>\n<\/div>\n<\/div>\n<\/div>\n<\/div>\n<\/div>\n\n\n<p><\/p>\n\n\n\n<p><\/p>\n\n\n\n<p><\/p>\n\n\n\n<p><\/p>\n","protected":false},"excerpt":{"rendered":"<p>Inscriptions 2025-2026, mode d&#8217;emploi&#8230;. Les inscriptions aux cours 2025-2026 aux cours d&rsquo;Evidanse sont closes pour la saison! Planning des cours 2025\/2026 Les cours commencent le mardi 16\/09\/2025\u00a0et se termineront le 20\/06\/2025. Notez d\u00e9j\u00e0 la date de la repr\u00e9sentation des groupes ados et adultes \u00e0 la f\u00eate de la musique : Dimanche 21 juin 2026. Tarifs [&hellip;]<\/p>\n","protected":false},"author":10,"featured_media":0,"parent":0,"menu_order":0,"comment_status":"closed","ping_status":"open","template":"","meta":{"footnotes":""},"class_list":["post-18","page","type-page","status-publish","hentry","post"],"aioseo_notices":[],"_links":{"self":[{"href":"https:\/\/evidanse-lannion.com\/accueil\/wp-json\/wp\/v2\/pages\/18","targetHints":{"allow":["GET"]}}],"collection":[{"href":"https:\/\/evidanse-lannion.com\/accueil\/wp-json\/wp\/v2\/pages"}],"about":[{"href":"https:\/\/evidanse-lannion.com\/accueil\/wp-json\/wp\/v2\/types\/page"}],"author":[{"embeddable":true,"href":"https:\/\/evidanse-lannion.com\/accueil\/wp-json\/wp\/v2\/users\/10"}],"replies":[{"embeddable":true,"href":"https:\/\/evidanse-lannion.com\/accueil\/wp-json\/wp\/v2\/comments?post=18"}],"version-history":[{"count":189,"href":"https:\/\/evidanse-lannion.com\/accueil\/wp-json\/wp\/v2\/pages\/18\/revisions"}],"predecessor-version":[{"id":2792,"href":"https:\/\/evidanse-lannion.com\/accueil\/wp-json\/wp\/v2\/pages\/18\/revisions\/2792"}],"wp:attachment":[{"href":"https:\/\/evidanse-lannion.com\/accueil\/wp-json\/wp\/v2\/media?parent=18"}],"curies":[{"name":"wp","href":"https:\/\/api.w.org\/{rel}","templated":true}]}}