{"id":1270,"date":"2018-10-17T09:12:09","date_gmt":"2018-10-17T08:12:09","guid":{"rendered":"http:\/\/evidanse-lannion.com\/?page_id=1270"},"modified":"2025-06-16T05:49:38","modified_gmt":"2025-06-16T04:49:38","slug":"spectacles","status":"publish","type":"page","link":"https:\/\/evidanse-lannion.com\/accueil\/spectacles\/","title":{"rendered":"Spectacles"},"content":{"rendered":"<h1>2025<\/h1>\n<h4 style=\"text-align: center;\">Spectacle en juin 2025 au Carr\u00e9 Magique<\/h4>\n<p><span style=\"color: #000000;\">Le 14 juin 2025, Evi&rsquo;Danse a pr\u00e9sent\u00e9 son spectacle \u00ab\u00a0Constellations\u00a0\u00bb sur la sc\u00e8ne du Carr\u00e9 Magique.<\/span><\/p>\n<p>\u00a0<\/p>\n<p style=\"text-align: center;\"><a href=\"https:\/\/evidanse-lannion.com\/wp-content\/uploads\/2025\/04\/Copie-de-affiche-A3-avec-qr-code-2.png\"><img loading=\"lazy\" decoding=\"async\" class=\"alignnone size-medium wp-image-2625\" src=\"https:\/\/evidanse-lannion.com\/wp-content\/uploads\/2025\/04\/Copie-de-affiche-A3-avec-qr-code-2-212x300.png\" alt=\"\" width=\"212\" height=\"300\" srcset=\"https:\/\/evidanse-lannion.com\/wp-content\/uploads\/2025\/04\/Copie-de-affiche-A3-avec-qr-code-2-212x300.png 212w, https:\/\/evidanse-lannion.com\/wp-content\/uploads\/2025\/04\/Copie-de-affiche-A3-avec-qr-code-2-724x1024.png 724w, https:\/\/evidanse-lannion.com\/wp-content\/uploads\/2025\/04\/Copie-de-affiche-A3-avec-qr-code-2-768x1086.png 768w, https:\/\/evidanse-lannion.com\/wp-content\/uploads\/2025\/04\/Copie-de-affiche-A3-avec-qr-code-2-1086x1536.png 1086w, https:\/\/evidanse-lannion.com\/wp-content\/uploads\/2025\/04\/Copie-de-affiche-A3-avec-qr-code-2.png 1414w\" sizes=\"auto, (max-width: 212px) 100vw, 212px\" \/><\/a><\/p>\n<h1>2024<\/h1>\n<h4 style=\"text-align: center;\">Spectacle des groupes ados et adultes le 21 juin 2024 lors de la f\u00eate de la musique<\/h4>\n<p>Le 21 juin, Evi&rsquo;Danse\u00a0 pr\u00e9sentera 5 chor\u00e9graphies des groupes d&rsquo;ados et d&rsquo;adultes sur le parvis des Droits de l&rsquo;Homme, de 19 h 30 \u00e0 20 h.<\/p>\n<p style=\"text-align: center;\"><a href=\"https:\/\/evidanse-lannion.com\/wp-content\/uploads\/2024\/06\/WhatsApp-Image-2024-06-18-at-16.12.44.jpeg\"><img loading=\"lazy\" decoding=\"async\" class=\"alignnone size-medium wp-image-2439\" src=\"https:\/\/evidanse-lannion.com\/wp-content\/uploads\/2024\/06\/WhatsApp-Image-2024-06-18-at-16.12.44-212x300.jpeg\" alt=\"\" width=\"212\" height=\"300\" srcset=\"https:\/\/evidanse-lannion.com\/wp-content\/uploads\/2024\/06\/WhatsApp-Image-2024-06-18-at-16.12.44-212x300.jpeg 212w, https:\/\/evidanse-lannion.com\/wp-content\/uploads\/2024\/06\/WhatsApp-Image-2024-06-18-at-16.12.44-724x1024.jpeg 724w, https:\/\/evidanse-lannion.com\/wp-content\/uploads\/2024\/06\/WhatsApp-Image-2024-06-18-at-16.12.44-768x1086.jpeg 768w, https:\/\/evidanse-lannion.com\/wp-content\/uploads\/2024\/06\/WhatsApp-Image-2024-06-18-at-16.12.44-1086x1536.jpeg 1086w, https:\/\/evidanse-lannion.com\/wp-content\/uploads\/2024\/06\/WhatsApp-Image-2024-06-18-at-16.12.44.jpeg 1414w\" sizes=\"auto, (max-width: 212px) 100vw, 212px\" \/><\/a><\/p>\n<h4 style=\"text-align: center;\">Spectacle de l&rsquo;atelier chor\u00e9graphique le 21 juin 2024 lors de la f\u00eate de la musique<\/h4>\n<p>Le 21 juin, Evi&rsquo;Danse\u00a0 pr\u00e9sentera une cr\u00e9ation de l&rsquo;atelier chor\u00e9graphique dans l&rsquo;auditorium du Conservatoire de Lannion-Tr\u00e9gor, de 18 h \u00e0 18 h 30.<\/p>\n<p style=\"text-align: center;\"><a href=\"https:\/\/evidanse-lannion.com\/wp-content\/uploads\/2024\/06\/Latelier-choregraphique-dEvidanse-Presente-lattente.png\"><img loading=\"lazy\" decoding=\"async\" class=\"alignnone size-medium wp-image-2436\" src=\"https:\/\/evidanse-lannion.com\/wp-content\/uploads\/2024\/06\/Latelier-choregraphique-dEvidanse-Presente-lattente-212x300.png\" alt=\"\" width=\"212\" height=\"300\" srcset=\"https:\/\/evidanse-lannion.com\/wp-content\/uploads\/2024\/06\/Latelier-choregraphique-dEvidanse-Presente-lattente-212x300.png 212w, https:\/\/evidanse-lannion.com\/wp-content\/uploads\/2024\/06\/Latelier-choregraphique-dEvidanse-Presente-lattente-724x1024.png 724w, https:\/\/evidanse-lannion.com\/wp-content\/uploads\/2024\/06\/Latelier-choregraphique-dEvidanse-Presente-lattente-768x1086.png 768w, https:\/\/evidanse-lannion.com\/wp-content\/uploads\/2024\/06\/Latelier-choregraphique-dEvidanse-Presente-lattente-1086x1536.png 1086w, https:\/\/evidanse-lannion.com\/wp-content\/uploads\/2024\/06\/Latelier-choregraphique-dEvidanse-Presente-lattente.png 1414w\" sizes=\"auto, (max-width: 212px) 100vw, 212px\" \/><\/a><\/p>\n<h4 style=\"text-align: center;\">Spectacle des groupes enfants le 19 juin 2024 \u00e0 Park Nevez<\/h4>\n<p>Le 19 juin, Evi&rsquo;Danse\u00a0 pr\u00e9sentera quelques chor\u00e9graphies des groupes d&rsquo;enfants lors d&rsquo;une apr\u00e8s-midi festive dans la salle de Park Nevez, \u00e0 partir de 16 h 30.\u00a0 Comme l&rsquo;espace est r\u00e9duit, seuls les parents et fr\u00e8res et soeurs des danseurs et danseuses sont invit\u00e9s&#8230; Un go\u00fbter sera propos\u00e9 ensuite pour cl\u00f4turer l&rsquo;ann\u00e9e!\u00a0<\/p>\n<p style=\"text-align: center;\"><a href=\"https:\/\/evidanse-lannion.com\/wp-content\/uploads\/2024\/06\/Fleurs-Sauvages.jpg\"><img loading=\"lazy\" decoding=\"async\" class=\"alignnone size-medium wp-image-2437\" src=\"https:\/\/evidanse-lannion.com\/wp-content\/uploads\/2024\/06\/Fleurs-Sauvages-212x300.jpg\" alt=\"\" width=\"212\" height=\"300\" srcset=\"https:\/\/evidanse-lannion.com\/wp-content\/uploads\/2024\/06\/Fleurs-Sauvages-212x300.jpg 212w, https:\/\/evidanse-lannion.com\/wp-content\/uploads\/2024\/06\/Fleurs-Sauvages-724x1024.jpg 724w, https:\/\/evidanse-lannion.com\/wp-content\/uploads\/2024\/06\/Fleurs-Sauvages-768x1086.jpg 768w, https:\/\/evidanse-lannion.com\/wp-content\/uploads\/2024\/06\/Fleurs-Sauvages-1086x1536.jpg 1086w, https:\/\/evidanse-lannion.com\/wp-content\/uploads\/2024\/06\/Fleurs-Sauvages.jpg 1414w\" sizes=\"auto, (max-width: 212px) 100vw, 212px\" \/><\/a><\/p>\n<p style=\"text-align: center;\">\u00a0<\/p>\n\n\n<h1>2023<\/h1>\n<h4 style=\"text-align: center;\">Spectacle \u00ab\u00a0Ma tribu danse !\u00a0\u00bb le 17 juin 2023 au Carr\u00e9 Magique<\/h4>\n<p style=\"text-align: center;\"><div id=\"metaslider-id-2220\" style=\"width: 100%; margin: 0 auto;\" class=\"ml-slider-3-97-0 metaslider metaslider-nivo metaslider-2220 ml-slider ms-theme-default\" role=\"region\" aria-roledescription=\"Slideshow\" aria-label=\"Ma tribu danse !\" data-width=\"1080\">\n    <div id=\"metaslider_container_2220\">\n        <div class='slider-wrapper theme-default'><div class='ribbon'><\/div><div id='metaslider_2220' class='nivoSlider'><img loading=\"lazy\" decoding=\"async\" src=\"https:\/\/evidanse-lannion.com\/wp-content\/uploads\/2023\/09\/IMG_2754-scaled-1080x600.jpg\" height=\"600\" width=\"1080\" title=\"IMG_2754\" alt=\"\" class=\"slider-2220 slide-2226\" \/><img loading=\"lazy\" decoding=\"async\" src=\"https:\/\/evidanse-lannion.com\/wp-content\/uploads\/2023\/09\/IMG_2789-scaled-1080x600.jpg\" height=\"600\" width=\"1080\" title=\"IMG_2789\" alt=\"\" class=\"slider-2220 slide-2227\" \/><img loading=\"lazy\" decoding=\"async\" src=\"https:\/\/evidanse-lannion.com\/wp-content\/uploads\/2023\/09\/IMG_2790-scaled-1080x600.jpg\" height=\"600\" width=\"1080\" title=\"IMG_2790\" alt=\"\" class=\"slider-2220 slide-2228\" \/><img loading=\"lazy\" decoding=\"async\" src=\"https:\/\/evidanse-lannion.com\/wp-content\/uploads\/2023\/09\/IMG_2873-scaled-1080x600.jpg\" height=\"600\" width=\"1080\" title=\"IMG_2873\" alt=\"\" class=\"slider-2220 slide-2229\" \/><img loading=\"lazy\" decoding=\"async\" src=\"https:\/\/evidanse-lannion.com\/wp-content\/uploads\/2023\/09\/IMG_2956-scaled-1080x600.jpg\" height=\"600\" width=\"1080\" title=\"IMG_2956\" alt=\"\" class=\"slider-2220 slide-2230\" \/><img loading=\"lazy\" decoding=\"async\" src=\"https:\/\/evidanse-lannion.com\/wp-content\/uploads\/2023\/09\/IMG_3051-scaled-1080x600.jpg\" height=\"600\" width=\"1080\" title=\"IMG_3051\" alt=\"\" class=\"slider-2220 slide-2232\" \/><img loading=\"lazy\" decoding=\"async\" src=\"https:\/\/evidanse-lannion.com\/wp-content\/uploads\/2023\/09\/IMG_3099-scaled-1080x600.jpg\" height=\"600\" width=\"1080\" title=\"IMG_3099\" alt=\"\" class=\"slider-2220 slide-2233\" \/><img loading=\"lazy\" decoding=\"async\" src=\"https:\/\/evidanse-lannion.com\/wp-content\/uploads\/2023\/09\/IMG_3199-scaled-1080x600.jpg\" height=\"600\" width=\"1080\" title=\"IMG_3199\" alt=\"\" class=\"slider-2220 slide-2235\" \/><img loading=\"lazy\" decoding=\"async\" src=\"https:\/\/evidanse-lannion.com\/wp-content\/uploads\/2023\/09\/IMG_3289-scaled-1080x600.jpg\" height=\"600\" width=\"1080\" title=\"IMG_3289\" alt=\"\" class=\"slider-2220 slide-2236\" \/><img loading=\"lazy\" decoding=\"async\" src=\"https:\/\/evidanse-lannion.com\/wp-content\/uploads\/2023\/09\/IMG_3298-scaled-1080x600.jpg\" height=\"600\" width=\"1080\" title=\"IMG_3298\" alt=\"\" class=\"slider-2220 slide-2237\" \/><img loading=\"lazy\" decoding=\"async\" src=\"https:\/\/evidanse-lannion.com\/wp-content\/uploads\/2023\/09\/wagon-3-scaled-1080x600.jpg\" height=\"600\" width=\"1080\" title=\"wagon-3\" alt=\"\" class=\"slider-2220 slide-2238\" \/><img loading=\"lazy\" decoding=\"async\" src=\"https:\/\/evidanse-lannion.com\/wp-content\/uploads\/2023\/09\/1694181433027-1080x600.jpg\" height=\"600\" width=\"1080\" title=\"1694181433027\" alt=\"\" class=\"slider-2220 slide-2239\" \/><img loading=\"lazy\" decoding=\"async\" src=\"https:\/\/evidanse-lannion.com\/wp-content\/uploads\/2023\/09\/1694181433048-1080x600.jpg\" height=\"600\" width=\"1080\" title=\"1694181433048\" alt=\"\" class=\"slider-2220 slide-2240\" \/><img loading=\"lazy\" decoding=\"async\" src=\"https:\/\/evidanse-lannion.com\/wp-content\/uploads\/2023\/09\/1694181433080-1080x600.jpg\" height=\"600\" width=\"1080\" title=\"1694181433080\" alt=\"\" class=\"slider-2220 slide-2241\" \/><img loading=\"lazy\" decoding=\"async\" src=\"https:\/\/evidanse-lannion.com\/wp-content\/uploads\/2023\/09\/1694181433064-1080x600.jpg\" height=\"600\" width=\"1080\" title=\"1694181433064\" alt=\"\" class=\"slider-2220 slide-2243\" \/><img loading=\"lazy\" decoding=\"async\" src=\"https:\/\/evidanse-lannion.com\/wp-content\/uploads\/2023\/09\/1694181433094-1080x600.jpg\" height=\"600\" width=\"1080\" title=\"1694181433094\" alt=\"\" class=\"slider-2220 slide-2242\" \/><\/div><\/div>\n        \n    <\/div>\n<\/div><\/p>\n<h2 style=\"text-align: center;\">&nbsp;<\/h2>\n\n\n<h1>2022<\/h1>\n<h4 style=\"text-align: center;\">Spectacle \u00ab\u00a0Respire\u00a0\u00bb le 15 juin 2022 \u00e0 Park Nevez<\/h4>\n<p>En juin, Evi&rsquo;Danse a pr\u00e9sent\u00e9 le spectacle \u00ab\u00a0Respire\u00a0\u00bb lors d&rsquo;une apr\u00e8s-midi festive dans la salle de Park Nevez et aussi \u00e0 l&rsquo;occasion de la f\u00eate de la musique sur le parvis du Carr\u00e9 Magique.<\/p>\n<p style=\"text-align: center;\"><a href=\"https:\/\/evidanse-lannion.com\/wp-content\/uploads\/2022\/09\/287526241_173861405081699_2745773062428011146_n.jpeg\"><img loading=\"lazy\" decoding=\"async\" class=\"alignnone size-medium wp-image-1924\" src=\"https:\/\/evidanse-lannion.com\/wp-content\/uploads\/2022\/09\/287526241_173861405081699_2745773062428011146_n-212x300.jpeg\" alt=\"\" width=\"212\" height=\"300\" srcset=\"https:\/\/evidanse-lannion.com\/wp-content\/uploads\/2022\/09\/287526241_173861405081699_2745773062428011146_n-212x300.jpeg 212w, https:\/\/evidanse-lannion.com\/wp-content\/uploads\/2022\/09\/287526241_173861405081699_2745773062428011146_n.jpeg 720w\" sizes=\"auto, (max-width: 212px) 100vw, 212px\" \/><\/a><\/p>\n\n\n\n","protected":false},"excerpt":{"rendered":"<p>2025 Spectacle en juin 2025 au Carr\u00e9 Magique Le 14 juin 2025, Evi&rsquo;Danse a pr\u00e9sent\u00e9 son spectacle \u00ab\u00a0Constellations\u00a0\u00bb sur la sc\u00e8ne du Carr\u00e9 Magique. \u00a0 2024 Spectacle des groupes ados et adultes le 21 juin 2024 lors de la f\u00eate de la musique Le 21 juin, Evi&rsquo;Danse\u00a0 pr\u00e9sentera 5 chor\u00e9graphies des groupes d&rsquo;ados et d&rsquo;adultes [&hellip;]<\/p>\n","protected":false},"author":10,"featured_media":0,"parent":0,"menu_order":0,"comment_status":"closed","ping_status":"closed","template":"","meta":{"footnotes":""},"class_list":["post-1270","page","type-page","status-publish","hentry","post"],"aioseo_notices":[],"_links":{"self":[{"href":"https:\/\/evidanse-lannion.com\/accueil\/wp-json\/wp\/v2\/pages\/1270","targetHints":{"allow":["GET"]}}],"collection":[{"href":"https:\/\/evidanse-lannion.com\/accueil\/wp-json\/wp\/v2\/pages"}],"about":[{"href":"https:\/\/evidanse-lannion.com\/accueil\/wp-json\/wp\/v2\/types\/page"}],"author":[{"embeddable":true,"href":"https:\/\/evidanse-lannion.com\/accueil\/wp-json\/wp\/v2\/users\/10"}],"replies":[{"embeddable":true,"href":"https:\/\/evidanse-lannion.com\/accueil\/wp-json\/wp\/v2\/comments?post=1270"}],"version-history":[{"count":71,"href":"https:\/\/evidanse-lannion.com\/accueil\/wp-json\/wp\/v2\/pages\/1270\/revisions"}],"predecessor-version":[{"id":2663,"href":"https:\/\/evidanse-lannion.com\/accueil\/wp-json\/wp\/v2\/pages\/1270\/revisions\/2663"}],"wp:attachment":[{"href":"https:\/\/evidanse-lannion.com\/accueil\/wp-json\/wp\/v2\/media?parent=1270"}],"curies":[{"name":"wp","href":"https:\/\/api.w.org\/{rel}","templated":true}]}}